{"id":2,"date":"2022-01-04T13:11:25","date_gmt":"2022-01-04T13:11:25","guid":{"rendered":"https:\/\/racunalnica.si\/?page_id=2"},"modified":"2026-02-26T10:36:02","modified_gmt":"2026-02-26T09:36:02","slug":"sample-page","status":"publish","type":"page","link":"https:\/\/kozjihrbet.si\/","title":{"rendered":"Malo smu\u010di\u0161\u010de tik nad Bohinjsko Bistrico"},"content":{"rendered":"\n<h3 class=\"wp-block-heading\">Sezona 2025\/2026!<\/h3>\n\n\n\n<p>Sezono smo z veliko truda in tehni\u010dnim zasne\u017eevanjem pri\u010deli 25.12.2025. <\/p>\n\n\n\n<p>Snega imamo dovolj, dopoldanska smuka je odli\u010dna. Obratujemo vsak dan od <strong>9h do 14h<\/strong>.<\/p>\n\n\n\n<p>Od <strong>\u010detrtka, 26. 2. do sobote, 28. 2.<\/strong> zaradi previsokih temperatur no\u010dna smuka odpade.<\/p>\n\n\n\n<p>Pripravite smu\u010di, povabite prijatelje in dru\u017eino ter pre\u017eivite nepozaben dan na snegu!<\/p>\n\n\n\n<p>Se vidimo na <strong>Kozjem hrbtu<\/strong>!<\/p>\n\n\n\n<figure class=\"wp-block-image aligncenter is-style-default\"><img loading=\"lazy\" decoding=\"async\" width=\"1024\" height=\"567\" src=\"https:\/\/racunalnica.si\/wp-content\/uploads\/2022\/01\/kozji-hrbet-1024x567.jpg\" alt=\"Smu\u010di\u0161\u010de Kozji hrbet v Bohinju s pogledom na Julijske Alpe\" class=\"wp-image-23\" srcset=\"https:\/\/kozjihrbet.si\/wp-content\/uploads\/2022\/01\/kozji-hrbet-1024x567.jpg 1024w, https:\/\/kozjihrbet.si\/wp-content\/uploads\/2022\/01\/kozji-hrbet-300x166.jpg 300w, https:\/\/kozjihrbet.si\/wp-content\/uploads\/2022\/01\/kozji-hrbet-768x426.jpg 768w, https:\/\/kozjihrbet.si\/wp-content\/uploads\/2022\/01\/kozji-hrbet.jpg 1200w\" sizes=\"auto, (max-width: 1024px) 100vw, 1024px\" \/><figcaption class=\"wp-element-caption\">Smu\u010di\u0161\u010de Kozji hrbet v Bohinju<\/figcaption><\/figure>\n\n\n\n<h3 class=\"wp-block-heading\">Kameri v \u017eivo<\/h3>\n\n\n\n<style>.embed-container { position: relative; padding-bottom: 56.25%; height: 0; overflow: hidden; max-width: 100%; margin-bottom: 50px;} .embed-container iframe, .embed-container object, .embed-container embed { position: absolute; top: 0; left: 0; width: 100%; height: 100%; }<\/style>\n\n<div class=\"embed-container\"><iframe style=\"border: 0;\" src=\"https:\/\/www.whatsupcams.com\/wgt\/si_kozjihrbet01\" marginwidth=\"0\" marginheight=\"0\" scrolling=\"no\" allowfullscreen=\"allowfullscreen\" frameborder=\"0\">\n\n<\/iframe><\/div>\n\n\n\n<style>\n.embed-container {\n  position: relative;\n  padding-bottom: 56.25%;\n  height: 0;\n  overflow: hidden;\n  max-width: 100%;\n  margin-bottom: 20px;\n}\n.embed-container iframe {\n  position: absolute;\n  top: 0;\n  left: 0;\n  width: 100%;\n  height: 100%;\n  border: 0;\n}\n\n\/* overlay to catch clicks *\/\n.overlay-link {\n  position: absolute;\n  top: 0;\n  left: 0;\n  width: 100%;\n  height: 100%;\n  background: transparent;\n  cursor: pointer;\n  z-index: 2;\n}\n.overlay-text {\n  position: absolute;\n  bottom: 10px;\n  right: 10px;\n  background: rgba(0,0,0,0.6);\n  color: white;\n  padding: 6px 12px;\n  font-size: 14px;\n  border-radius: 4px;\n  z-index: 3;\n  pointer-events: none;\n}\n<\/style>\n\n<div class=\"embed-container\">\n  <!-- the WhatsUpCams widget preview -->\n  <iframe \n    src=\"https:\/\/www.whatsupcams.com\/wgt\/si_kozjihrbet02\"\n    allowfullscreen\n    scrolling=\"no\">\n  <\/iframe>\n\n  <!-- clickable overlay -->\n  <a class=\"overlay-link\" href=\"https:\/\/www.whatsupcams.com\/en\/webcams\/slovenia\/upper-carniola\/bohinj\/webcam-bohinjska-bistrica-kozji-hrbet\/\" target=\"_blank\"><\/a>\n  <div class=\"overlay-text\">Click to view live camera<\/div>\n<\/div>\n\n\n\n<h2 class=\"wp-block-heading\" id=\"cenik\">Cenik<\/h2>\n\n\n\n<div class=\"wp-block-columns is-layout-flex wp-container-core-columns-is-layout-28f84493 wp-block-columns-is-layout-flex\">\n<div class=\"wp-block-column is-layout-flow wp-block-column-is-layout-flow\">\n<h4 class=\"wp-block-heading\">Dnevna vozovnica<\/h4>\n\n\n\n<ul class=\"wp-block-list\">\n<li>Otroci (6 &#8211; 14,99 let): 14,00 \u20ac<\/li>\n\n\n\n<li>Mladina (15 &#8211; 23,99 let): 17,00 \u20ac<\/li>\n\n\n\n<li>Odrasli (24 &#8211; 59,99 let): <strong>20,00 \u20ac<\/strong><\/li>\n\n\n\n<li>Seniorji (60 let in ve\u010d): 17,00 \u20ac<\/li>\n<\/ul>\n<\/div>\n\n\n\n<div class=\"wp-block-column is-layout-flow wp-block-column-is-layout-flow\">\n<h4 class=\"wp-block-heading\">2-urna ali no\u010dna<\/h4>\n\n\n\n<ul class=\"wp-block-list\">\n<li>Otroci (6 &#8211; 14,99 let): 11,00 \u20ac<\/li>\n\n\n\n<li>Mladina (15 &#8211; 23,99 let): 14,00 \u20ac<\/li>\n\n\n\n<li>Odrasli (24 &#8211; 59,99 let): <strong>17,00 \u20ac<\/strong><\/li>\n\n\n\n<li>Seniorji (60 let in ve\u010d): 14,00 \u20ac<\/li>\n<\/ul>\n<\/div>\n\n\n\n<div class=\"wp-block-column is-layout-flow wp-block-column-is-layout-flow\">\n<h4 class=\"wp-block-heading\">Sezonska<\/h4>\n\n\n\n<ul class=\"wp-block-list\">\n<li>Otroci (6 &#8211; 14,99 let): 160,00 \u20ac<\/li>\n\n\n\n<li>Mladina (15 &#8211; 23,99 let): 199,00 \u20ac<\/li>\n\n\n\n<li>Odrasli (24 &#8211; 59,99 let): <strong>240,00 \u20ac<\/strong><\/li>\n\n\n\n<li>Seniorji (60 let in ve\u010d): 199,00 \u20ac<\/li>\n<\/ul>\n<\/div>\n<\/div>\n\n\n\n<div class=\"wp-block-columns is-layout-flex wp-container-core-columns-is-layout-28f84493 wp-block-columns-is-layout-flex\">\n<div class=\"wp-block-column is-layout-flow wp-block-column-is-layout-flow\">\n<h4 class=\"wp-block-heading\">2-dnevna<\/h4>\n\n\n\n<ul class=\"wp-block-list\">\n<li>Otroci (6 &#8211; 14,99 let): 24,00 \u20ac<\/li>\n\n\n\n<li>Mladina (15 &#8211; 23,99 let): 30,00 \u20ac<\/li>\n\n\n\n<li>Odrasli (24 &#8211; 59,99 let): <strong>35,00 \u20ac<\/strong><\/li>\n\n\n\n<li>Seniorji (60 let in ve\u010d): 30,00 \u20ac<\/li>\n<\/ul>\n<\/div>\n\n\n\n<div class=\"wp-block-column is-layout-flow wp-block-column-is-layout-flow\">\n<h4 class=\"wp-block-heading\">3-dnevna<\/h4>\n\n\n\n<ul class=\"wp-block-list\">\n<li>Otroci (6 &#8211; 14,99 let): 35,00 \u20ac<\/li>\n\n\n\n<li>Mladina (15 &#8211; 23,99 let): 44,00 \u20ac<\/li>\n\n\n\n<li>Odrasli (24 &#8211; 59,99 let): <strong>52,00 \u20ac<\/strong><\/li>\n\n\n\n<li>Seniorji (60 let in ve\u010d): 44,00 \u20ac<\/li>\n<\/ul>\n<\/div>\n\n\n\n<div class=\"wp-block-column is-layout-flow wp-block-column-is-layout-flow\">\n<h4 class=\"wp-block-heading\">4-dnevna<\/h4>\n\n\n\n<ul class=\"wp-block-list\">\n<li>Otroci (6 &#8211; 14,99 let): 46,00 \u20ac<\/li>\n\n\n\n<li>Mladina (15 &#8211; 23,99 let): 57,00 \u20ac<\/li>\n\n\n\n<li>Odrasli (24 &#8211; 59,99 let): <strong>68,00 \u20ac<\/strong><\/li>\n\n\n\n<li>Seniorji (60 let in ve\u010d): 57,00 \u20ac<\/li>\n<\/ul>\n<\/div>\n<\/div>\n\n\n\n<div class=\"wp-block-columns is-layout-flex wp-container-core-columns-is-layout-28f84493 wp-block-columns-is-layout-flex\">\n<div class=\"wp-block-column is-layout-flow wp-block-column-is-layout-flow\">\n<h4 class=\"wp-block-heading\">5-dnevna<\/h4>\n\n\n\n<ul class=\"wp-block-list\">\n<li>Otroci (6 &#8211; 14,99 let): 57,00 \u20ac<\/li>\n\n\n\n<li>Mladina (15 &#8211; 23,99 let): 70,00 \u20ac<\/li>\n\n\n\n<li>Odrasli (24 &#8211; 59,99 let): <strong>84,00 \u20ac<\/strong><\/li>\n\n\n\n<li>Seniorji (60 let in ve\u010d): 70,00 \u20ac<\/li>\n<\/ul>\n<\/div>\n\n\n\n<div class=\"wp-block-column is-layout-flow wp-block-column-is-layout-flow\">\n<h4 class=\"wp-block-heading\">6-dnevna<\/h4>\n\n\n\n<ul class=\"wp-block-list\">\n<li>Otroci (6 &#8211; 14,99 let): 67,00 \u20ac<\/li>\n\n\n\n<li>Mladina (15 &#8211; 23,99 let): 82,00 \u20ac<\/li>\n\n\n\n<li>Odrasli (24 &#8211; 59,99 let): <strong>99,00 \u20ac<\/strong><\/li>\n\n\n\n<li>Seniorji (60 let in ve\u010d): 82,00 \u20ac<\/li>\n<\/ul>\n<\/div>\n<\/div>\n\n\n\n<p>V vse cene je vklju\u010den 9,5% DDV. Kavcija za \u010dip kartico zna\u0161a 5 \u20ac\/karto.<\/p>\n\n\n\n<h2 class=\"wp-block-heading\">Lokacija<\/h2>\n\n\n\n<p>Ker spodbujamo mehko mobilnost, vas vabimo, da pridete na smu\u010di\u0161\u010de bodisi s ski-busom, bodisi z vlakom:<\/p>\n\n\n\n<ul class=\"wp-block-list\">\n<li><a href=\"https:\/\/www.bohinj.si\/mehka-mobilnost\/ski-bus-bohinj\/\">https:\/\/www.bohinj.si\/mehka-mobilnost\/ski-bus-bohinj\/<\/a><\/li>\n\n\n\n<li><a href=\"https:\/\/www.bohinj.si\/paketi\/bohinjski-vlak\/\">https:\/\/www.bohinj.si\/paketi\/bohinjski-vlak\/<\/a><\/li>\n<\/ul>\n\n\n\n<iframe src=\"https:\/\/www.google.com\/maps\/embed?pb=!1m18!1m12!1m3!1d22063.7492630007!2d13.914956774974025!3d46.27072715190018!2m3!1f0!2f0!3f0!3m2!1i1024!2i768!4f13.1!3m3!1m2!1s0x477aed5986379803%3A0x4d0be60629bd587b!2sCesta%20na%20Ravne%207%2C%204264%20Bohinjska%20Bistrica!5e0!3m2!1ssl!2ssi!4v1641387396872!5m2!1ssl!2ssi\" style=\"border:0;\" allowfullscreen=\"\" loading=\"lazy\" width=\"100%\" height=\"450\"><\/iframe>\n\n\n\n<h2 class=\"wp-block-heading\" id=\"osnovniPodatki\">Podatki o smu\u010darski progi<\/h2>\n\n\n\n<ul class=\"wp-block-list\">\n<li>Te\u017eavnost proge: modra (lahka).<\/li>\n\n\n\n<li>Dol\u017eina proge: 440 m.<\/li>\n<\/ul>\n\n\n\n<h2 class=\"wp-block-heading\">Podatki o \u017ei\u010dni\u0161ki napravi<\/h2>\n\n\n\n<ul class=\"wp-block-list\">\n<li>Nadmorska vi\u0161ina zgornje postaje: 633 m.<\/li>\n\n\n\n<li>Nadmorska vi\u0161ina spodnjepostaje: 555 m.<\/li>\n\n\n\n<li>Vi\u0161inska razlika: 78 m.<\/li>\n\n\n\n<li>Horizontalna dol\u017eina naprave: 433 m.<\/li>\n\n\n\n<li>Po\u0161evna dol\u017eina naprave: 443 m.<\/li>\n\n\n\n<li>Povpre\u010dni naklon: 17 %.<\/li>\n\n\n\n<li>Maksimalni naklon: 39 %.<\/li>\n\n\n\n<li>\u0160tevilo stebrov: 8.<\/li>\n\n\n\n<li>\u0160irina trase: 2,5 m.<\/li>\n<\/ul>\n\n\n\n<h2 class=\"wp-block-heading\">Pogon<\/h2>\n\n\n\n<ul class=\"wp-block-list\">\n<li>Lega: spodaj.<\/li>\n\n\n\n<li>Sistem pogona: Preko reduktorja.<\/li>\n\n\n\n<li>Mo\u010d motorja: 65 kW.<\/li>\n<\/ul>\n\n\n\n<h2 class=\"wp-block-heading\">Napenjalna naprava<\/h2>\n\n\n\n<ul class=\"wp-block-list\">\n<li>Vrsta in lega: Ute\u017e na zgornji postaji.<\/li>\n\n\n\n<li>Vrsta vla\u010dila: sidra.<\/li>\n\n\n\n<li>\u0160tevilo sider: 36.<\/li>\n\n\n\n<li>Kapaciteta: 800 oseb.<\/li>\n\n\n\n<li>Nazivna hitrost vo\u017enje: 2,8 m\/s.<\/li>\n\n\n\n<li>\u010cas vo\u017enje: 2,38 min.<\/li>\n\n\n\n<li>Kapaciteta: 800 oseb na uro.<\/li>\n<\/ul>\n\n\n\n<h2 class=\"wp-block-heading\" id=\"kontakti\">Kontaktni podatki<\/h2>\n\n\n\n<div class=\"wp-block-columns is-layout-flex wp-container-core-columns-is-layout-28f84493 wp-block-columns-is-layout-flex\">\n<div class=\"wp-block-column is-layout-flow wp-block-column-is-layout-flow\">\n<h5 class=\"wp-block-heading\">Naslov: <\/h5>\n\n\n\n<p>Cesta na Ravne 7,<br>4264 Bohinjska Bistrica<\/p>\n<\/div>\n\n\n\n<div class=\"wp-block-column is-layout-flow wp-block-column-is-layout-flow\">\n<h5 class=\"wp-block-heading\">Podjetje:<\/h5>\n\n\n\n<p>2864 BOHINJ, \u0161portne dejavnosti, d.o.o.,<br>Triglavska cesta 17,<br>4264 Bohinjska Bistrica<br>Dav\u010dna \u0161t.: 88590585<\/p>\n<\/div>\n<\/div>\n\n\n\n<h5 class=\"wp-block-heading\">Kontakt:<\/h5>\n\n\n\n<p><a href=\"mailto:kozji.hrbet@gmail.com\" data-type=\"mailto\" data-id=\"mailto:kozji.hrbet@gmail.com\">kozji.hrbet@gmail.com<\/a><\/p>\n\n\n\n<p>GSM: <a rel=\"noreferrer noopener\" href=\"tel:041465504\" data-type=\"tel\" data-id=\"tel:041465504\" target=\"_blank\">041 465 504<\/a> (Igor)<\/p>\n\n\n\n<p><\/p>\n","protected":false},"excerpt":{"rendered":"<p>Sezona 2025\/2026! Sezono smo z veliko truda in tehni\u010dnim zasne\u017eevanjem pri\u010deli 25.12.2025. Snega imamo dovolj, dopoldanska smuka je odli\u010dna. Obratujemo vsak dan od 9h do 14h. Od \u010detrtka, 26. 2. do sobote, 28. 2. zaradi previsokih temperatur no\u010dna smuka odpade. Pripravite smu\u010di, povabite prijatelje in dru\u017eino ter pre\u017eivite nepozaben dan na snegu! Se vidimo na &hellip;<\/p>\n<p class=\"read-more\"> <a class=\"\" href=\"https:\/\/kozjihrbet.si\/\"> <span class=\"screen-reader-text\">Malo smu\u010di\u0161\u010de tik nad Bohinjsko Bistrico<\/span> Read More &raquo;<\/a><\/p>\n","protected":false},"author":1,"featured_media":0,"parent":0,"menu_order":0,"comment_status":"closed","ping_status":"open","template":"","meta":{"site-sidebar-layout":"default","site-content-layout":"default","ast-global-header-display":"","ast-main-header-display":"","ast-hfb-above-header-display":"disabled","ast-hfb-below-header-display":"disabled","ast-hfb-mobile-header-display":"","site-post-title":"","ast-breadcrumbs-content":"","ast-featured-img":"","footer-sml-layout":"","theme-transparent-header-meta":"","adv-header-id-meta":"","stick-header-meta":"","header-above-stick-meta":"","header-main-stick-meta":"","header-below-stick-meta":"","footnotes":""},"class_list":["post-2","page","type-page","status-publish","hentry"],"_links":{"self":[{"href":"https:\/\/kozjihrbet.si\/index.php\/wp-json\/wp\/v2\/pages\/2","targetHints":{"allow":["GET"]}}],"collection":[{"href":"https:\/\/kozjihrbet.si\/index.php\/wp-json\/wp\/v2\/pages"}],"about":[{"href":"https:\/\/kozjihrbet.si\/index.php\/wp-json\/wp\/v2\/types\/page"}],"author":[{"embeddable":true,"href":"https:\/\/kozjihrbet.si\/index.php\/wp-json\/wp\/v2\/users\/1"}],"replies":[{"embeddable":true,"href":"https:\/\/kozjihrbet.si\/index.php\/wp-json\/wp\/v2\/comments?post=2"}],"version-history":[{"count":81,"href":"https:\/\/kozjihrbet.si\/index.php\/wp-json\/wp\/v2\/pages\/2\/revisions"}],"predecessor-version":[{"id":195,"href":"https:\/\/kozjihrbet.si\/index.php\/wp-json\/wp\/v2\/pages\/2\/revisions\/195"}],"wp:attachment":[{"href":"https:\/\/kozjihrbet.si\/index.php\/wp-json\/wp\/v2\/media?parent=2"}],"curies":[{"name":"wp","href":"https:\/\/api.w.org\/{rel}","templated":true}]}}